{"id":205,"date":"2011-10-11T00:08:26","date_gmt":"2011-10-10T22:08:26","guid":{"rendered":"http:\/\/www.multimedia.mckey.pl\/multimedia\/index.php\/pokazy-laserowe"},"modified":"2011-12-04T18:53:38","modified_gmt":"2011-12-04T17:53:38","slug":"pokazy-laserowe","status":"publish","type":"page","link":"http:\/\/www.multimedia.mckey.pl\/multimedia\/media\/galerie\/pokazy-laserowe","title":{"rendered":"Pokazy laserowe"},"content":{"rendered":"<h1 style=\"text-align: center;\">Koncert &#8211; pokazy laserowe<\/h1>\n<p>[nggallery id=4]<\/p>\n<p style=\"text-align: center;\">Wkr\u00f3tce wi\u0119cej zdj\u0119\u0107 i galerii! Zapraszamy!<\/p>\n","protected":false},"excerpt":{"rendered":"<p>Koncert &#8211; pokazy laserowe [nggallery id=4] Wkr\u00f3tce wi\u0119cej zdj\u0119\u0107 i galerii! Zapraszamy!<\/p>\n","protected":false},"author":1,"featured_media":0,"parent":29,"menu_order":0,"comment_status":"closed","ping_status":"closed","template":"","meta":[],"_links":{"self":[{"href":"http:\/\/www.multimedia.mckey.pl\/multimedia\/wp-json\/wp\/v2\/pages\/205"}],"collection":[{"href":"http:\/\/www.multimedia.mckey.pl\/multimedia\/wp-json\/wp\/v2\/pages"}],"about":[{"href":"http:\/\/www.multimedia.mckey.pl\/multimedia\/wp-json\/wp\/v2\/types\/page"}],"author":[{"embeddable":true,"href":"http:\/\/www.multimedia.mckey.pl\/multimedia\/wp-json\/wp\/v2\/users\/1"}],"replies":[{"embeddable":true,"href":"http:\/\/www.multimedia.mckey.pl\/multimedia\/wp-json\/wp\/v2\/comments?post=205"}],"version-history":[{"count":6,"href":"http:\/\/www.multimedia.mckey.pl\/multimedia\/wp-json\/wp\/v2\/pages\/205\/revisions"}],"predecessor-version":[{"id":306,"href":"http:\/\/www.multimedia.mckey.pl\/multimedia\/wp-json\/wp\/v2\/pages\/205\/revisions\/306"}],"up":[{"embeddable":true,"href":"http:\/\/www.multimedia.mckey.pl\/multimedia\/wp-json\/wp\/v2\/pages\/29"}],"wp:attachment":[{"href":"http:\/\/www.multimedia.mckey.pl\/multimedia\/wp-json\/wp\/v2\/media?parent=205"}],"curies":[{"name":"wp","href":"https:\/\/api.w.org\/{rel}","templated":true}]}}