{"id":22,"date":"2011-09-08T14:54:42","date_gmt":"2011-09-08T12:54:42","guid":{"rendered":"http:\/\/localhost\/multimedia\/?page_id=6"},"modified":"2011-10-19T22:27:27","modified_gmt":"2011-10-19T20:27:27","slug":"muzyka","status":"publish","type":"page","link":"http:\/\/www.multimedia.mckey.pl\/multimedia\/muzyka","title":{"rendered":"Muzyka"},"content":{"rendered":"<h1 style=\"text-align: center;\">Muzyka<\/h1>\n<h2 style=\"text-align: center;\">Oprawa muzyczna, muzyka filmowa, karaoke, muzyka taneczna, zabawy, bale<\/h2>\n<p style=\"text-align: justify;\">Do ka\u017cdego zlecenia oprawy lub ilustracji muzycznej podchodzimy indywidualnie, dobieraj\u0105c odpowiednio muzyk\u0119 oraz o\u015bwietlenie. Tworzymy muzyk\u0119 ilustracyjn\u0105, muzyk\u0119 &#8222;t\u0142a&#8221;, muzyk\u0119 do ta\u0144czenia, a gdy potrzeba, organizujemy zabawy karaoke.<br \/>\nPolecamy r\u00f3wnie\u017c swoje us\u0142ugi w zakresie komponowania muzyki do film\u00f3w lub przedstawie\u0144 teatralnych. Zapraszamy szczeg\u00f3lnie tw\u00f3rc\u00f3w kina niezale\u017cnego oraz teatr\u00f3w niezale\u017cnych.<br \/>\nZapraszaj\u0105c nas na koncert otrzymujecie muzyk\u0119 specjalnie skomponowan\u0105 pod konkretne zam\u00f3wienie, a co za tym idzie niepowtarzaln\u0105. Istnieje mo\u017cliwo\u015b\u0107 zam\u00f3wienia nagrania ca\u0142ej oprawy muzycznej w wybranej formie (p\u0142yta CD, mp3 itp.)<\/p>\n<h3 style=\"text-align: center;\">Kilka fragment\u00f3w muzycznych Martina McKey&#8217;a<\/h3>\n<p style=\"text-align: justify;\"><strong>Martin McKey<\/strong>: <em>syntezatory, samplery, keyboardy, vokodery, procesory efekt\u00f3w.<br \/>\nWszystkie nagrania zosta\u0142y skomponowane, zaprogramowane, zaaran\u017cowane oraz nagrane przez Martina McKey&#8217;a.<br \/>\nAll tracks composed, arranged, recorded and mastered by Martin McKey (c) 2008 &#8211; 2011. All rights reserved.<br \/>\n<\/em><\/p>\n<p style=\"text-align: justify;\">[xtreme-mp3-player-v2 width=&#8221;450&#8243; height=&#8221;305&#8243;] [fb-like-button]<\/p>\n<h2 style=\"text-align: justify;\">Wydania p\u0142ytowe:<\/h2>\n<ul style=\"text-align: justify;\">\n<li><a title=\"Harmonia Kosmosu I\" href=\"http:\/\/www.multimedia.mckey.pl\/multimedia\/index.php\/harmonia-kosmosu-i\">Harmonia Kosmosu I<\/a><\/li>\n<li><a title=\"Harmonia Kosmosu II\" href=\"http:\/\/www.multimedia.mckey.pl\/multimedia\/index.php\/harmonia-kosmosu-ii\">Harmonia Kosmosu II<\/a><\/li>\n<\/ul>\n<h2 style=\"text-align: justify;\">Muzyka filmowa:<\/h2>\n<ul>\n<li style=\"text-align: left;\">muzyka do filmu Andrzeja Lorenca &#8222;Krzy\u017c\u00f3wka&#8221;<\/li>\n<li style=\"text-align: left;\">wsp\u00f3\u0142autorstwo muzyki do filmu Janusza Zag\u00f3rskiego &#8222;Wylatowo &#8211; miejsce niezwyk\u0142e&#8221;<\/li>\n<\/ul>\n<p style=\"text-align: justify;\">Instrumentarium: Korg TR-61, Korg R-3, Roland E-600, Korg Wavestation A\/D, E-mu Proteus 2, Yamaha CS2x, Roland D-70, Korg Kaoss Pad 3, Korg Pad Kontrol<\/p>\n","protected":false},"excerpt":{"rendered":"<p>Muzyka Oprawa muzyczna, muzyka filmowa, karaoke, muzyka taneczna, zabawy, bale Do ka\u017cdego zlecenia oprawy lub ilustracji muzycznej podchodzimy indywidualnie, dobieraj\u0105c odpowiednio muzyk\u0119 oraz o\u015bwietlenie. Tworzymy muzyk\u0119 ilustracyjn\u0105, muzyk\u0119 &#8222;t\u0142a&#8221;, muzyk\u0119 do ta\u0144czenia, a gdy potrzeba, organizujemy zabawy karaoke. Polecamy r\u00f3wnie\u017c swoje us\u0142ugi w zakresie komponowania muzyki do film\u00f3w lub przedstawie\u0144 teatralnych. Zapraszamy szczeg\u00f3lnie tw\u00f3rc\u00f3w kina &hellip; <\/p>\n<p class=\"link-more\"><a href=\"http:\/\/www.multimedia.mckey.pl\/multimedia\/muzyka\" class=\"more-link\">Czytaj dalej<span class=\"screen-reader-text\"> Muzyka<\/span><\/a><\/p>\n","protected":false},"author":1,"featured_media":0,"parent":0,"menu_order":0,"comment_status":"closed","ping_status":"closed","template":"","meta":[],"_links":{"self":[{"href":"http:\/\/www.multimedia.mckey.pl\/multimedia\/wp-json\/wp\/v2\/pages\/22"}],"collection":[{"href":"http:\/\/www.multimedia.mckey.pl\/multimedia\/wp-json\/wp\/v2\/pages"}],"about":[{"href":"http:\/\/www.multimedia.mckey.pl\/multimedia\/wp-json\/wp\/v2\/types\/page"}],"author":[{"embeddable":true,"href":"http:\/\/www.multimedia.mckey.pl\/multimedia\/wp-json\/wp\/v2\/users\/1"}],"replies":[{"embeddable":true,"href":"http:\/\/www.multimedia.mckey.pl\/multimedia\/wp-json\/wp\/v2\/comments?post=22"}],"version-history":[{"count":24,"href":"http:\/\/www.multimedia.mckey.pl\/multimedia\/wp-json\/wp\/v2\/pages\/22\/revisions"}],"predecessor-version":[{"id":187,"href":"http:\/\/www.multimedia.mckey.pl\/multimedia\/wp-json\/wp\/v2\/pages\/22\/revisions\/187"}],"wp:attachment":[{"href":"http:\/\/www.multimedia.mckey.pl\/multimedia\/wp-json\/wp\/v2\/media?parent=22"}],"curies":[{"name":"wp","href":"https:\/\/api.w.org\/{rel}","templated":true}]}}