{"id":238,"date":"2011-10-12T23:31:39","date_gmt":"2011-10-12T21:31:39","guid":{"rendered":"http:\/\/www.multimedia.mckey.pl\/multimedia\/?page_id=238"},"modified":"2011-10-18T21:25:17","modified_gmt":"2011-10-18T19:25:17","slug":"harmonia-kosmosu-ii","status":"publish","type":"page","link":"http:\/\/www.multimedia.mckey.pl\/multimedia\/harmonia-kosmosu-ii","title":{"rendered":"Harmonia Kosmosu II"},"content":{"rendered":"<h1 style=\"text-align: center;\">Harmonia Kosmosu II<\/h1>\n<p style=\"text-align: justify;\"><a href=\"http:\/\/www.multimedia.mckey.pl\/multimedia\/wp-content\/uploads\/2011\/10\/harmonia2.jpg\"><img loading=\"lazy\" class=\"alignleft size-thumbnail wp-image-239\" title=\"Harmonia Kosmosu II\" src=\"http:\/\/www.multimedia.mckey.pl\/multimedia\/wp-content\/uploads\/2011\/10\/harmonia2-150x150.jpg\" alt=\"Harmonia Kosmosu II \/ Space Harmony II\" width=\"150\" height=\"150\" \/><\/a>To druga, autorska oraz wydana w\u0142asnymi si\u0142ami p\u0142yta z muzyk\u0105 elektroniczn\u0105, stanowi\u0105ca pewne uzupe\u0142nienie pierwszej cz\u0119\u015bci. Znalaz\u0142y si\u0119 tu kolejne utwory zainspirowane kosmosem i podr\u00f3\u017cami kosmicznymi.<br \/>\nWykonanie kilku utwor\u00f3w z tej p\u0142yty nast\u0105pi\u0142o podczas zlotu Harmonia Kosmosu w 2010 roku niedaleko g\u00f3ry \u015al\u0119\u017cy (Sob\u00f3tka niedaleko Wroc\u0142awia).<\/p>\n","protected":false},"excerpt":{"rendered":"<p>Harmonia Kosmosu II To druga, autorska oraz wydana w\u0142asnymi si\u0142ami p\u0142yta z muzyk\u0105 elektroniczn\u0105, stanowi\u0105ca pewne uzupe\u0142nienie pierwszej cz\u0119\u015bci. Znalaz\u0142y si\u0119 tu kolejne utwory zainspirowane kosmosem i podr\u00f3\u017cami kosmicznymi. Wykonanie kilku utwor\u00f3w z tej p\u0142yty nast\u0105pi\u0142o podczas zlotu Harmonia Kosmosu w 2010 roku niedaleko g\u00f3ry \u015al\u0119\u017cy (Sob\u00f3tka niedaleko Wroc\u0142awia).<\/p>\n","protected":false},"author":1,"featured_media":0,"parent":0,"menu_order":0,"comment_status":"closed","ping_status":"closed","template":"","meta":[],"_links":{"self":[{"href":"http:\/\/www.multimedia.mckey.pl\/multimedia\/wp-json\/wp\/v2\/pages\/238"}],"collection":[{"href":"http:\/\/www.multimedia.mckey.pl\/multimedia\/wp-json\/wp\/v2\/pages"}],"about":[{"href":"http:\/\/www.multimedia.mckey.pl\/multimedia\/wp-json\/wp\/v2\/types\/page"}],"author":[{"embeddable":true,"href":"http:\/\/www.multimedia.mckey.pl\/multimedia\/wp-json\/wp\/v2\/users\/1"}],"replies":[{"embeddable":true,"href":"http:\/\/www.multimedia.mckey.pl\/multimedia\/wp-json\/wp\/v2\/comments?post=238"}],"version-history":[{"count":3,"href":"http:\/\/www.multimedia.mckey.pl\/multimedia\/wp-json\/wp\/v2\/pages\/238\/revisions"}],"predecessor-version":[{"id":302,"href":"http:\/\/www.multimedia.mckey.pl\/multimedia\/wp-json\/wp\/v2\/pages\/238\/revisions\/302"}],"wp:attachment":[{"href":"http:\/\/www.multimedia.mckey.pl\/multimedia\/wp-json\/wp\/v2\/media?parent=238"}],"curies":[{"name":"wp","href":"https:\/\/api.w.org\/{rel}","templated":true}]}}