{"id":72,"date":"2011-10-02T22:10:38","date_gmt":"2011-10-02T20:10:38","guid":{"rendered":"http:\/\/192.168.105.105\/multimedia\/?page_id=72"},"modified":"2011-12-04T18:50:42","modified_gmt":"2011-12-04T17:50:42","slug":"nasz-sprzet","status":"publish","type":"page","link":"http:\/\/www.multimedia.mckey.pl\/multimedia\/nasz-sprzet","title":{"rendered":"Wyposa\u017cenie"},"content":{"rendered":"<h1 style=\"text-align: center;\">Wyposa\u017cenie<\/h1>\n<p style=\"text-align: center;\">Zapewniamy wysok\u0105 jako\u015b\u0107 nag\u0142o\u015bnienia i o\u015bwietlenia &#8211; stosujemy sprz\u0119t uznanych marek.<\/p>\n<ul>\n<li>Nag\u0142o\u015bnienie<\/li>\n<\/ul>\n<p>Dysponujemy nag\u0142o\u015bnieniem aktywnym FBT z procesorami DSP, zapewniaj\u0105cym najwy\u017csz\u0105 jako\u015b\u0107 d\u017awi\u0119ku w r\u00f3\u017cnych warunkach akustycznych (pole bliskie, pole dalekie, sala, plener, dyskoteka, wokal itp.). Zapewniamy odpowiedni zapas mocy do ma\u0142ych oraz \u015brednich imprez w pomieszczeniach oraz w plenerze.<\/p>\n<p>Stosujemy mikrofony Shure, AKG, AudioTechnica oraz Sennheiser &#8211; w zale\u017cno\u015bci od wymaga\u0144 i potrzeb. Dysponujemy mikrofonami wokalnymi i instrumentalnymi, do nagra\u0144 stosujemy mikrofony elektretowe i pojemno\u015bciowe.<\/p>\n<p>Dysponujemy 10, 16 oraz 24 kana\u0142owymi mikserami analogowymi firm Allen&amp;Heath oraz Yamaha, kt\u00f3re zapewniaj\u0105 najwy\u017csz\u0105 jako\u015b\u0107 d\u017awi\u0119ku do nag\u0142o\u015bnienia oraz nagra\u0144 na \u017cywo tzw. &#8222;setek&#8221;.<\/p>\n<ul>\n<li>Nagrania<\/li>\n<\/ul>\n<p>Nagra\u0144 dokonujemy w zale\u017cno\u015bci od wymaga\u0144 i potrzeb &#8211; rejestracje koncertu &#8222;na \u017cywo&#8221;, rejestracje wielokana\u0142owe, nagrania solist\u00f3w, zespo\u0142\u00f3w. Wykorzystujemy systemy komputerowe oraz cyfrowe rejestratory, nagranie bez obr\u00f3bki (&#8222;setka&#8221;) jest dost\u0119pne od razu po zako\u0144czeniu imprezy. Na \u017cyczenie dokonujemy obr\u00f3bki, miksu i masteringu.<\/p>\n<ul>\n<li>O\u015bwietlenie i efekty sceniczne<\/li>\n<\/ul>\n<p>Dysponujemy nowoczesnym o\u015bwietleniem w technologii LED, pokazy laserowe realizujemy z wykorzystaniem lasera RGB oraz dw\u00f3ch laser\u00f3w pomocniczych. Stale zwi\u0119kszamy mo\u017cliwo\u015bci o\u015bwietleniowe.<\/p>\n","protected":false},"excerpt":{"rendered":"<p>Wyposa\u017cenie Zapewniamy wysok\u0105 jako\u015b\u0107 nag\u0142o\u015bnienia i o\u015bwietlenia &#8211; stosujemy sprz\u0119t uznanych marek. Nag\u0142o\u015bnienie Dysponujemy nag\u0142o\u015bnieniem aktywnym FBT z procesorami DSP, zapewniaj\u0105cym najwy\u017csz\u0105 jako\u015b\u0107 d\u017awi\u0119ku w r\u00f3\u017cnych warunkach akustycznych (pole bliskie, pole dalekie, sala, plener, dyskoteka, wokal itp.). Zapewniamy odpowiedni zapas mocy do ma\u0142ych oraz \u015brednich imprez w pomieszczeniach oraz w plenerze. Stosujemy mikrofony Shure, AKG, &hellip; <\/p>\n<p class=\"link-more\"><a href=\"http:\/\/www.multimedia.mckey.pl\/multimedia\/nasz-sprzet\" class=\"more-link\">Czytaj dalej<span class=\"screen-reader-text\"> Wyposa\u017cenie<\/span><\/a><\/p>\n","protected":false},"author":1,"featured_media":0,"parent":0,"menu_order":0,"comment_status":"closed","ping_status":"closed","template":"sidebar-page.php","meta":[],"_links":{"self":[{"href":"http:\/\/www.multimedia.mckey.pl\/multimedia\/wp-json\/wp\/v2\/pages\/72"}],"collection":[{"href":"http:\/\/www.multimedia.mckey.pl\/multimedia\/wp-json\/wp\/v2\/pages"}],"about":[{"href":"http:\/\/www.multimedia.mckey.pl\/multimedia\/wp-json\/wp\/v2\/types\/page"}],"author":[{"embeddable":true,"href":"http:\/\/www.multimedia.mckey.pl\/multimedia\/wp-json\/wp\/v2\/users\/1"}],"replies":[{"embeddable":true,"href":"http:\/\/www.multimedia.mckey.pl\/multimedia\/wp-json\/wp\/v2\/comments?post=72"}],"version-history":[{"count":6,"href":"http:\/\/www.multimedia.mckey.pl\/multimedia\/wp-json\/wp\/v2\/pages\/72\/revisions"}],"predecessor-version":[{"id":278,"href":"http:\/\/www.multimedia.mckey.pl\/multimedia\/wp-json\/wp\/v2\/pages\/72\/revisions\/278"}],"wp:attachment":[{"href":"http:\/\/www.multimedia.mckey.pl\/multimedia\/wp-json\/wp\/v2\/media?parent=72"}],"curies":[{"name":"wp","href":"https:\/\/api.w.org\/{rel}","templated":true}]}}